{"id":406,"date":"2022-11-25T11:23:56","date_gmt":"2022-11-25T11:23:56","guid":{"rendered":"https:\/\/erwinadelmann.com\/?page_id=406"},"modified":"2022-11-25T16:12:56","modified_gmt":"2022-11-25T16:12:56","slug":"impressum","status":"publish","type":"page","link":"https:\/\/erwinadelmann.com\/index.php\/impressum\/","title":{"rendered":"Impressum"},"content":{"rendered":"\t\t<div data-elementor-type=\"wp-page\" data-elementor-id=\"406\" class=\"elementor elementor-406\">\n\t\t\t\t\t\t<section class=\"elementor-section elementor-top-section elementor-element elementor-element-2eb3ee5a elementor-section-boxed elementor-section-height-default elementor-section-height-default\" data-id=\"2eb3ee5a\" data-element_type=\"section\" data-e-type=\"section\">\n\t\t\t\t\t\t<div class=\"elementor-container elementor-column-gap-default\">\n\t\t\t\t\t<div class=\"elementor-column elementor-col-100 elementor-top-column elementor-element elementor-element-558ddb98\" data-id=\"558ddb98\" data-element_type=\"column\" data-e-type=\"column\">\n\t\t\t<div class=\"elementor-widget-wrap elementor-element-populated\">\n\t\t\t\t\t\t<div class=\"elementor-element elementor-element-b1c057a elementor-widget elementor-widget-text-editor\" data-id=\"b1c057a\" data-element_type=\"widget\" data-e-type=\"widget\" data-widget_type=\"text-editor.default\">\n\t\t\t\t<div class=\"elementor-widget-container\">\n\t\t\t\t\t\t\t\t\t<div class=\"is-layout-flow entry-content alignfull wp-block-post-content\"><p><strong>Kontakt<\/strong><\/p><p>Name: Erwin Adelmann<br \/>Telefonnummer: +43 676 5070900<br \/>Postleitzahl: 8061 St. Radegund<br \/>Email: <a href=\"mailto:office@erwinadelmann.com?subject=Impressum\">office@erwinadelmann.com<\/a><br \/>Webseite: https:\/\/www.erwinadelmann.com<\/p><p><strong>Haftungsausschluss<\/strong><\/p><p>Dieser Haftungsausschluss ist als Teil des Internetangebotes zu betrachten, von dem aus auf diese Webseite\u00a0verwiesen wurde. Sofern Teile oder einzelne Formulierungen dieses Textes der geltenden Rechtslage nicht, nicht mehr oder nicht vollst\u00e4ndig entsprechen sollten, bleiben die \u00fcbrigen Teile des Dokumentes in ihrem Inhalt und ihrer G\u00fcltigkeit davon unber\u00fchrt.<\/p><p><strong>Haftung f\u00fcr Inhalte dieser Webseite<\/strong><br \/>Die Inhalte unserer Seiten wurden mit gr\u00f6\u00dfter Sorgfalt erstellt. F\u00fcr die Richtigkeit, Vollst\u00e4ndigkeit und Aktualit\u00e4t der Inhalte k\u00f6nnen wir jedoch keine Gew\u00e4hr \u00fcbernehmen. Als Diensteanbieter sind wir f\u00fcr eigene Inhalte auf diesen Seiten nach den allgemeinen Gesetzen verantwortlich. Wir sind jedoch nicht verpflichtet, \u00fcbermittelte oder gespeicherte fremde Informationen zu \u00fcberwachen oder nach Umst\u00e4nden zu forschen, die auf eine rechtswidrige T\u00e4tigkeit hinweisen. Verpflichtungen zur Entfernung oder Sperrung der Nutzung von Informationen nach den allgemeinen Gesetzen bleiben hiervon unber\u00fchrt. Eine diesbez\u00fcgliche Haftung ist jedoch erst ab dem Zeitpunkt der Kenntnis einer konkreten Rechtsverletzung m\u00f6glich. Bei Bekanntwerden von entsprechenden Rechtsverletzungen werden wir diese Inhalte umgehend entfernen.<\/p><p><strong>Haftung f\u00fcr Links auf Webseiten Dritter<\/strong><br \/>Unser Angebot enth\u00e4lt Links zu externen Websites. Auf den Inhalt dieser externen Webseiten haben wir keinerlei Einfluss. Deshalb k\u00f6nnen wir f\u00fcr diese fremden Inhalte auch keine Gew\u00e4hr \u00fcbernehmen. F\u00fcr die Inhalte der verlinkten Seiten ist stets der jeweilige Anbieter oder Betreiber der Seiten verantwortlich. Die verlinkten Seiten wurden zum Zeitpunkt der Verlinkung auf m\u00f6gliche Rechtsverst\u00f6\u00dfe \u00fcberpr\u00fcft. Rechtswidrige Inhalte waren zum Zeitpunkt der Verlinkung nicht erkennbar. Eine permanente inhaltliche Kontrolle der verlinkten Seiten ist jedoch ohne konkrete Anhaltspunkte einer Rechtsverletzung nicht zumutbar. Bei Bekanntwerden von Rechtsverletzungen werden wir derartige Links umgehend entfernen.<\/p><p><strong>Urheberrecht<\/strong><br \/>Die Betreiber dieser Webseite\u00a0sind bem\u00fcht, stets die Urheberrechte anderer zu beachten bzw. auf selbst erstellte sowie lizenzfreie Werke zur\u00fcckzugreifen. Die durch die Seitenbetreiber erstellten Inhalte und Werke auf dieser Webseite unterliegen dem Urheberrecht. Beitr\u00e4ge Dritter sind als solche gekennzeichnet. Die Vervielf\u00e4ltigung, Bearbeitung, Verbreitung und jede Art der Verwertung au\u00dferhalb der Grenzen des Urheberrechtes bed\u00fcrfen der schriftlichen Zustimmung des jeweiligen Autors bzw. Erstellers. Downloads und Kopien dieser Seite sind nur f\u00fcr den privaten, nicht kommerziellen Gebrauch gestattet.<\/p><p><strong>Datenschutzerkl\u00e4rung<\/strong><\/p><p>Wir legen gro\u00dfen Wert auf den Schutz Ihrer Daten. Um Sie in vollem Umfang \u00fcber die Verwendung personenbezogener Daten zu informieren, bitten wir Sie die folgenden Datenschutzhinweise zur Kenntnis zu nehmen.<\/p><p>Pers\u00f6nliche Daten, die Sie auf dieser\u00a0Website elektronisch \u00fcbermitteln, wie zum Beispiel Name, E-Mail-Adresse, Adresse\u00a0oder andere pers\u00f6nlichen Angaben, werden von uns nur zum jeweils angegebenen Zweck verwendet, sicher verwahrt und nicht an Dritte weitergegeben. Der Provider erhebt und speichert automatisch Informationen am Webserver wie verwendeter Browser, Betriebssystem, Verweisseite, IP-Adresse, Uhrzeit des Zugriffs usw. Diese Daten k\u00f6nnen ohne Pr\u00fcfung weiterer Datenquellen keinen bestimmten Personen zugeordnet werden und wir werten diese Daten auch nicht weiter aus solange keine rechtswidrige Nutzung unserer Webseite vorliegt.<\/p><p><strong>Cookies<br \/><\/strong>Unsere Website verwendet so genannte Cookies. Dabei handelt es sich um kleine Textdateien, die mit Hilfe des Browsers auf Ihrem Endger\u00e4t abgelegt werden. Sie richten keinen Schaden an.<\/p><p>Wir nutzen Cookies dazu, unser Angebot nutzerfreundlich zu gestalten. Einige Cookies bleiben auf Ihrem Endger\u00e4t gespeichert, bis Sie diese l\u00f6schen. Sie erm\u00f6glichen es uns, Ihren Browser beim n\u00e4chsten Besuch wiederzuerkennen.<\/p><p>Wenn Sie dies nicht w\u00fcnschen, so k\u00f6nnen Sie Ihren Browser so einrichten, dass er Sie \u00fcber das Setzen von Cookies informiert und Sie dies nur im Einzelfall erlauben.<\/p><p>Bei der Deaktivierung von Cookies kann die Funktionalit\u00e4t unserer Website eingeschr\u00e4nkt sein.\u00a0<a class=\" link\" href=\"https:\/\/erwinadelmann.com\/index.php\/cookie-richtlinie-eu\/\">Weitere Informationen finden Sie im folgenden Link.<\/a><\/p><p><strong>Datenschutzerkl\u00e4rung f\u00fcr die Nutzung von Google Maps<br \/><\/strong>Diese Webseite verwendet das Produkt Google Maps von Google Inc. Durch Nutzung dieser Webseite erkl\u00e4ren Sie sich mit der Erfassung, Bearbeitung sowie Nutzung der automatisiert erhobenen Daten durch Google Inc, deren Vertreter sowie Dritter einverstanden. Die Nutzungsbedingungen von Google Maps finden sie unter\u00a0<a class=\" link\" href=\"https:\/\/www.google.com\/intl\/de_de\/help\/terms_maps.html\">\u201eNutzungsbedingungen von Google Maps\u201c<\/a>.<\/p><p><strong>Datenschutzerkl\u00e4rung f\u00fcr die Nutzung von\u00a0Facebook<\/strong><br \/>Auf unseren Seiten sind Plugins des sozialen Netzwerks Facebook, 1601 South California Avenue, Palo Alto, CA 94304, USA integriert. Die Facebook-Plugins erkennen Sie an dem Facebook-Logo oder dem \u201eLike-Button\u201c (\u201eGef\u00e4llt mir\u201c) auf unserer Seite. Eine \u00dcbersicht \u00fcber die Facebook-Plugins finden Sie hier: https:\/\/developers.facebook.com\/docs\/plugins\/.<br \/>Wenn Sie unsere Seiten besuchen, wird \u00fcber das Plugin eine direkte Verbindung zwischen Ihrem Browser und dem Facebook-Server hergestellt. Facebook erh\u00e4lt dadurch die Information, dass Sie mit Ihrer IP-Adresse unsere Seite besucht haben. Wenn Sie den Facebook \u201eLike-Button\u201c anklicken w\u00e4hrend Sie in Ihrem Facebook-Account eingeloggt sind, k\u00f6nnen Sie die Inhalte unserer Seiten auf Ihrem Facebook-Profil verlinken. Dadurch kann Facebook den Besuch unserer Seiten Ihrem Benutzerkonto zuordnen. Wir weisen darauf hin, dass wir als Anbieter der Seiten keine Kenntnis vom Inhalt der \u00fcbermittelten Daten sowie deren Nutzung durch Facebook erhalten. Weitere Informationen hierzu finden Sie in der Datenschutzerkl\u00e4rung von Facebook unter https:\/\/www.facebook.com\/policy.php\u00a0Wenn Sie nicht w\u00fcnschen, dass Facebook den Besuch unserer Seiten Ihrem Facebook- Nutzerkonto zuordnen\u00a0kann, loggen Sie sich bitte aus Ihrem Facebook-Benutzerkonto aus.<\/p><p><strong>Datenschutzerkl\u00e4rung f\u00fcr die Nutzung von YouTube<\/strong><br \/>Auf unserer Webseite sind Funktionen des Dienstes YouTube implementiert. Diese Funktionen werden durch die YouTube, LLC, 901 Cherry Ave., San Bruno, CA 94066, USA angeboten. Die eingebundenen Videos legen bei dem Aufrufen der Webseite Cookies auf den Computern der User ab. Wer das Setzen von Cookies f\u00fcr das Google-Werbeprogramm deaktiviert hat, wird auch beim Aufrufen von YouTube-Videos mit keinen solchen Cookies rechnen m\u00fcssen. YouTube legt aber auch in anderen Cookies nicht-personenbezogene Nutzungsinformationen ab. M\u00f6chten Sie dies verhindern, m\u00fcssen Sie das im Browser blockieren.<\/p><p><strong>Auskunftsrecht<\/strong><br \/>Sie haben jederzeit das Recht auf Auskunft \u00fcber die bez\u00fcglich Ihrer Person gespeicherten Daten, deren Herkunft und Empf\u00e4nger sowie den Zweck der Speicherung.<\/p><p><strong>Zweckbindung, Rechtsgrundlage, Speicherdauer sowie Datenempf\u00e4nger<\/strong><br \/>Die gesammelten personenbezogenen Daten benotigen wir f\u00fcr Zwecke des Kundenservices um die Anbahnung einer Gesch\u00e4ftsbeziehung f\u00fcr den Kunden so leicht wie m\u00f6glich zu gestalten. Die Daten werden hierf\u00fcr erhoben, gespeichert, verarbeitet und genutzt.<\/p><p>Die rechtlichen Grundlagen f\u00fcr die Verarbeitung Ihrer personenbezogenen Daten sind einerseits berechtigte Interessen, die Erf\u00fcllung unserer rechtlichen bzw. vertraglichen Verpflichtungen sowie andererseits Ihrer Einwilligung (Kontaktformular, Cookies). Die Nichtbereitstellung der Daten kann unterschiedliche Folgen haben.<\/p><p>Wir verarbeiten Ihre personenbezogenen Daten [Vorname, Nachname, Telefonnummer, E-Mail], soweit erforderlich, f\u00fcr die Dauer der gesamten Gesch\u00e4ftsbeziehung (von der Anbahnung, Abwicklung bis zur Beendigung eines Vertrags) sowie dar\u00fcber hinaus gem\u00e4\u00df den gesetzlichen Aufbewahrungs,- und Dokumentationspflichten, die sich ua. aus dem Unternehmensgesetzbuch (UGB), der Bundesabgabenordnung (BAO) ergeben sowie bis zur Beendigung eines allfalligen Rechtsstreitsfortlaufender Gewahrleistungs- und Garantiefristen usw.<\/p><p><strong>Kontaktformular<\/strong><br \/>Ihre Angaben inklusive pers\u00f6nlicher Daten aus unserem Kontaktformular werden zur Bearbeitung Ihrer Anfrage verschl\u00fcsselt \u00fcber den UPC Mailserver an uns \u00fcbermittelt, weiterverarbeitet und gespeichert. Diese Daten werden ohne Ihre Einverst\u00e4ndniserkl\u00e4rung nicht erhoben oder weitergegeben. Ohne diese Daten k\u00f6nnen wir Ihre Anfragen nicht bearbeiten.<\/p><p><strong>SSL-Verschl\u00fcsselung<br \/><\/strong>Unsere Webseite ist mit einem sogenannten SSL-Protokoll (Secure Socket Layer) gesichert. Dies bedeutet, dass es sich um eine\u00a0authentifizierte und verschl\u00fcsselte Webseite handelt. \u00a0Dies Erkennen Sie am Schloss oder im HTTPS in der Adresszeile. S\u00e4mtliche Daten die Sie im Kontaktformular hinterlassen werden somit verschl\u00fcsselt an uns \u00fcbermittelt und verschl\u00fcsselt gespeichert.<\/p><p><strong>Einwilligung und Recht auf Widerruf<\/strong><br \/>Ist f\u00fcr die Verarbeitung Ihrer Daten Ihre Zustimmung notwendig, verarbeiten wir diese erst nach Ihrer ausdrucklichen Zustimmung.<\/p><p>Grunds\u00e4tzlich verarbeiten wir keine Daten minderj\u00e4hriger Personen und sind dazu auch nicht befugt. Mit der Abgabe Ihrer Zustimmung best\u00e4tigen Sie, dass Sie das 14. Lebensjahr vollendet haben oder die Zustimmung Ihres gesetzlichen Vertreters vorliegt.<\/p><p>Ihre Zustimmung k\u00f6nnen Sie jederzeit unter folgender E-Mail Adresse widerrufen:\u00a0office@erwinadelmann.com In einem solchen Fall werden die bisher \u00fcber Sie gespeicherten Daten anonymisiert und in weiterer Folge lediglich f\u00fcr statistische Zwecke ohne Personenbezug weiterverwendet. Mittels des Widerrufs der Zustimmung wird die Rechtm\u00e4\u00dfigkeit der aufgrund der Zustimmung bis zum Widerruf erfolgten Verarbeitung nicht ber\u00fchrt.<\/p><\/div><div class=\"is-layout-constrained wp-block-group alignfull\"><div class=\"is-content-justification-space-between is-layout-flex wp-container-18 wp-block-group alignfull\">\u00a0<\/div><\/div>\t\t\t\t\t\t\t\t<\/div>\n\t\t\t\t<\/div>\n\t\t\t\t\t<\/div>\n\t\t<\/div>\n\t\t\t\t\t<\/div>\n\t\t<\/section>\n\t\t\t\t<\/div>\n\t\t","protected":false},"excerpt":{"rendered":"<p>Kontakt Name: Erwin AdelmannTelefonnummer: +43 676 5070900Postleitzahl: 8061 St. RadegundEmail: office@erwinadelmann.comWebseite: https:\/\/www.erwinadelmann.com Haftungsausschluss Dieser Haftungsausschluss [&hellip;]<\/p>\n","protected":false},"author":1,"featured_media":0,"parent":0,"menu_order":0,"comment_status":"closed","ping_status":"closed","template":"","meta":{"footnotes":""},"class_list":["post-406","page","type-page","status-publish","hentry"],"aioseo_notices":[],"yoast_head":"<!-- This site is optimized with the Yoast SEO plugin v27.4 - https:\/\/yoast.com\/product\/yoast-seo-wordpress\/ -->\n<title>Impressum - Erwin Adelmann<\/title>\n<meta name=\"robots\" content=\"index, follow, max-snippet:-1, max-image-preview:large, max-video-preview:-1\" \/>\n<link rel=\"canonical\" href=\"https:\/\/erwinadelmann.com\/index.php\/impressum\/\" \/>\n<meta property=\"og:locale\" content=\"de_DE\" \/>\n<meta property=\"og:type\" content=\"article\" \/>\n<meta property=\"og:title\" content=\"Impressum - Erwin Adelmann\" \/>\n<meta property=\"og:description\" content=\"Kontakt Name: Erwin AdelmannTelefonnummer: +43 676 5070900Postleitzahl: 8061 St. RadegundEmail: office@erwinadelmann.comWebseite: https:\/\/www.erwinadelmann.com Haftungsausschluss Dieser Haftungsausschluss [&hellip;]\" \/>\n<meta property=\"og:url\" content=\"https:\/\/erwinadelmann.com\/index.php\/impressum\/\" \/>\n<meta property=\"og:site_name\" content=\"Erwin Adelmann\" \/>\n<meta property=\"article:modified_time\" content=\"2022-11-25T16:12:56+00:00\" \/>\n<meta name=\"twitter:card\" content=\"summary_large_image\" \/>\n<meta name=\"twitter:label1\" content=\"Gesch\u00e4tzte Lesezeit\" \/>\n\t<meta name=\"twitter:data1\" content=\"7\u00a0Minuten\" \/>\n<script type=\"application\/ld+json\" class=\"yoast-schema-graph\">{\"@context\":\"https:\\\/\\\/schema.org\",\"@graph\":[{\"@type\":\"WebPage\",\"@id\":\"https:\\\/\\\/erwinadelmann.com\\\/index.php\\\/impressum\\\/\",\"url\":\"https:\\\/\\\/erwinadelmann.com\\\/index.php\\\/impressum\\\/\",\"name\":\"Impressum - Erwin Adelmann\",\"isPartOf\":{\"@id\":\"https:\\\/\\\/erwinadelmann.com\\\/#website\"},\"datePublished\":\"2022-11-25T11:23:56+00:00\",\"dateModified\":\"2022-11-25T16:12:56+00:00\",\"breadcrumb\":{\"@id\":\"https:\\\/\\\/erwinadelmann.com\\\/index.php\\\/impressum\\\/#breadcrumb\"},\"inLanguage\":\"de\",\"potentialAction\":[{\"@type\":\"ReadAction\",\"target\":[\"https:\\\/\\\/erwinadelmann.com\\\/index.php\\\/impressum\\\/\"]}]},{\"@type\":\"BreadcrumbList\",\"@id\":\"https:\\\/\\\/erwinadelmann.com\\\/index.php\\\/impressum\\\/#breadcrumb\",\"itemListElement\":[{\"@type\":\"ListItem\",\"position\":1,\"name\":\"Startseite\",\"item\":\"https:\\\/\\\/erwinadelmann.com\\\/\"},{\"@type\":\"ListItem\",\"position\":2,\"name\":\"Impressum\"}]},{\"@type\":\"WebSite\",\"@id\":\"https:\\\/\\\/erwinadelmann.com\\\/#website\",\"url\":\"https:\\\/\\\/erwinadelmann.com\\\/\",\"name\":\"Erwin Adelmann\",\"description\":\"Swing - Jazz - Belcanto\",\"potentialAction\":[{\"@type\":\"SearchAction\",\"target\":{\"@type\":\"EntryPoint\",\"urlTemplate\":\"https:\\\/\\\/erwinadelmann.com\\\/?s={search_term_string}\"},\"query-input\":{\"@type\":\"PropertyValueSpecification\",\"valueRequired\":true,\"valueName\":\"search_term_string\"}}],\"inLanguage\":\"de\"}]}<\/script>\n<!-- \/ Yoast SEO plugin. -->","yoast_head_json":{"title":"Impressum - Erwin Adelmann","robots":{"index":"index","follow":"follow","max-snippet":"max-snippet:-1","max-image-preview":"max-image-preview:large","max-video-preview":"max-video-preview:-1"},"canonical":"https:\/\/erwinadelmann.com\/index.php\/impressum\/","og_locale":"de_DE","og_type":"article","og_title":"Impressum - Erwin Adelmann","og_description":"Kontakt Name: Erwin AdelmannTelefonnummer: +43 676 5070900Postleitzahl: 8061 St. RadegundEmail: office@erwinadelmann.comWebseite: https:\/\/www.erwinadelmann.com Haftungsausschluss Dieser Haftungsausschluss [&hellip;]","og_url":"https:\/\/erwinadelmann.com\/index.php\/impressum\/","og_site_name":"Erwin Adelmann","article_modified_time":"2022-11-25T16:12:56+00:00","twitter_card":"summary_large_image","twitter_misc":{"Gesch\u00e4tzte Lesezeit":"7\u00a0Minuten"},"schema":{"@context":"https:\/\/schema.org","@graph":[{"@type":"WebPage","@id":"https:\/\/erwinadelmann.com\/index.php\/impressum\/","url":"https:\/\/erwinadelmann.com\/index.php\/impressum\/","name":"Impressum - Erwin Adelmann","isPartOf":{"@id":"https:\/\/erwinadelmann.com\/#website"},"datePublished":"2022-11-25T11:23:56+00:00","dateModified":"2022-11-25T16:12:56+00:00","breadcrumb":{"@id":"https:\/\/erwinadelmann.com\/index.php\/impressum\/#breadcrumb"},"inLanguage":"de","potentialAction":[{"@type":"ReadAction","target":["https:\/\/erwinadelmann.com\/index.php\/impressum\/"]}]},{"@type":"BreadcrumbList","@id":"https:\/\/erwinadelmann.com\/index.php\/impressum\/#breadcrumb","itemListElement":[{"@type":"ListItem","position":1,"name":"Startseite","item":"https:\/\/erwinadelmann.com\/"},{"@type":"ListItem","position":2,"name":"Impressum"}]},{"@type":"WebSite","@id":"https:\/\/erwinadelmann.com\/#website","url":"https:\/\/erwinadelmann.com\/","name":"Erwin Adelmann","description":"Swing - Jazz - Belcanto","potentialAction":[{"@type":"SearchAction","target":{"@type":"EntryPoint","urlTemplate":"https:\/\/erwinadelmann.com\/?s={search_term_string}"},"query-input":{"@type":"PropertyValueSpecification","valueRequired":true,"valueName":"search_term_string"}}],"inLanguage":"de"}]}},"_links":{"self":[{"href":"https:\/\/erwinadelmann.com\/index.php\/wp-json\/wp\/v2\/pages\/406","targetHints":{"allow":["GET"]}}],"collection":[{"href":"https:\/\/erwinadelmann.com\/index.php\/wp-json\/wp\/v2\/pages"}],"about":[{"href":"https:\/\/erwinadelmann.com\/index.php\/wp-json\/wp\/v2\/types\/page"}],"author":[{"embeddable":true,"href":"https:\/\/erwinadelmann.com\/index.php\/wp-json\/wp\/v2\/users\/1"}],"replies":[{"embeddable":true,"href":"https:\/\/erwinadelmann.com\/index.php\/wp-json\/wp\/v2\/comments?post=406"}],"version-history":[{"count":22,"href":"https:\/\/erwinadelmann.com\/index.php\/wp-json\/wp\/v2\/pages\/406\/revisions"}],"predecessor-version":[{"id":456,"href":"https:\/\/erwinadelmann.com\/index.php\/wp-json\/wp\/v2\/pages\/406\/revisions\/456"}],"wp:attachment":[{"href":"https:\/\/erwinadelmann.com\/index.php\/wp-json\/wp\/v2\/media?parent=406"}],"curies":[{"name":"wp","href":"https:\/\/api.w.org\/{rel}","templated":true}]}}