{"id":750,"date":"2025-02-17T14:00:31","date_gmt":"2025-02-17T14:00:31","guid":{"rendered":"https:\/\/erwinadelmann.com\/?page_id=750"},"modified":"2025-02-17T14:10:57","modified_gmt":"2025-02-17T14:10:57","slug":"presse","status":"publish","type":"page","link":"https:\/\/erwinadelmann.com\/index.php\/presse\/","title":{"rendered":"Presse"},"content":{"rendered":"\t\t<div data-elementor-type=\"wp-page\" data-elementor-id=\"750\" class=\"elementor elementor-750\">\n\t\t\t\t<div class=\"elementor-element elementor-element-a8ab09e e-flex e-con-boxed e-con e-parent\" data-id=\"a8ab09e\" data-element_type=\"container\" data-e-type=\"container\">\n\t\t\t\t\t<div class=\"e-con-inner\">\n\t\t\t\t<div class=\"elementor-element elementor-element-b91d331 elementor-widget elementor-widget-text-editor\" data-id=\"b91d331\" data-element_type=\"widget\" data-e-type=\"widget\" data-widget_type=\"text-editor.default\">\n\t\t\t\t<div class=\"elementor-widget-container\">\n\t\t\t\t\t\t\t\t\t<h3><strong>&#8222;The Voice&#8220;<\/strong><\/h3><p><em>Erwin Adelmann<\/em> schl\u00fcpft bewundernswert authentisch in die Rolle des unverwechselbares Stars (Dean Martin) und gibt Einblick in die eine oder andere Hintergrundgeschichte.<\/p><p><span style=\"color: #99ccff;\"><em>Theater der Kom\u00f6die Graz, 2024<\/em><\/span><\/p>\t\t\t\t\t\t\t\t<\/div>\n\t\t\t\t<\/div>\n\t\t\t\t\t<\/div>\n\t\t\t\t<\/div>\n\t\t<div class=\"elementor-element elementor-element-b243169 e-flex e-con-boxed e-con e-parent\" data-id=\"b243169\" data-element_type=\"container\" data-e-type=\"container\">\n\t\t\t\t\t<div class=\"e-con-inner\">\n\t\t\t\t<div class=\"elementor-element elementor-element-33fc6fd elementor-widget__width-initial elementor-widget elementor-widget-text-editor\" data-id=\"33fc6fd\" data-element_type=\"widget\" data-e-type=\"widget\" data-widget_type=\"text-editor.default\">\n\t\t\t\t<div class=\"elementor-widget-container\">\n\t\t\t\t\t\t\t\t\t<h3>&#8222;Der Sinatra aus Sankt Radegund&#8220;<\/h3><div>&#8222;Gute Musik ist wie gesunde Ern\u00e4hrung, man f\u00fchrt sie dem K\u00f6rper bewusst zu und sorgt f\u00fcr einen langzeitig positiven Effekt. Wer sich unter die Fittiche des Swing begibt, der lebt positiver und fr\u00f6hlicher.<\/div><div>\u00a0<\/div><div><span style=\"color: #99ccff;\"><em>Meinbezirk.at Graz-Umgebung, April 2018<\/em><\/span><\/div>\t\t\t\t\t\t\t\t<\/div>\n\t\t\t\t<\/div>\n\t\t\t\t<div class=\"elementor-element elementor-element-831af80 elementor-widget elementor-widget-text-editor\" data-id=\"831af80\" data-element_type=\"widget\" data-e-type=\"widget\" data-widget_type=\"text-editor.default\">\n\t\t\t\t<div class=\"elementor-widget-container\">\n\t\t\t\t\t\t\t\t\t<h3>Erwin Adelmann als Solist<\/h3><p>Ein ganz besonderer H\u00f6hepunkt wird der Auftritt des Gesangssolisten Erwin Adelmann sein. Rotary-Pr\u00e4sident Manfred Schiffer hebt hervor: \u201eEs ist ein Geschenk, einen K\u00fcnstler wie Erwin Adelmann bei unserem Adventkonzert begr\u00fc\u00dfen zu d\u00fcrfen. Mit seiner au\u00dfergew\u00f6hnlichen Stimme und seiner Ausstrahlung wird er die Herzen unserer G\u00e4ste ber\u00fchren und den Zauber der Advent- und Weihnachtszeit sp\u00fcrbar machen.\u201c<\/p><p><span style=\"color: #99ccff;\"><em>Rotary Club Feldbach, November 2024<\/em><\/span><\/p>\t\t\t\t\t\t\t\t<\/div>\n\t\t\t\t<\/div>\n\t\t\t\t\t<\/div>\n\t\t\t\t<\/div>\n\t\t\t\t<\/div>\n\t\t","protected":false},"excerpt":{"rendered":"<p>&#8222;The Voice&#8220; Erwin Adelmann schl\u00fcpft bewundernswert authentisch in die Rolle des unverwechselbares Stars (Dean Martin) [&hellip;]<\/p>\n","protected":false},"author":1,"featured_media":0,"parent":0,"menu_order":0,"comment_status":"closed","ping_status":"closed","template":"","meta":{"footnotes":""},"class_list":["post-750","page","type-page","status-publish","hentry"],"aioseo_notices":[],"yoast_head":"<!-- This site is optimized with the Yoast SEO plugin v27.4 - https:\/\/yoast.com\/product\/yoast-seo-wordpress\/ -->\n<title>Presse - Erwin Adelmann<\/title>\n<meta name=\"robots\" content=\"index, follow, max-snippet:-1, max-image-preview:large, max-video-preview:-1\" \/>\n<link rel=\"canonical\" href=\"https:\/\/erwinadelmann.com\/index.php\/presse\/\" \/>\n<meta property=\"og:locale\" content=\"de_DE\" \/>\n<meta property=\"og:type\" content=\"article\" \/>\n<meta property=\"og:title\" content=\"Presse - Erwin Adelmann\" \/>\n<meta property=\"og:description\" content=\"&#8222;The Voice&#8220; Erwin Adelmann schl\u00fcpft bewundernswert authentisch in die Rolle des unverwechselbares Stars (Dean Martin) [&hellip;]\" \/>\n<meta property=\"og:url\" content=\"https:\/\/erwinadelmann.com\/index.php\/presse\/\" \/>\n<meta property=\"og:site_name\" content=\"Erwin Adelmann\" \/>\n<meta property=\"article:modified_time\" content=\"2025-02-17T14:10:57+00:00\" \/>\n<meta name=\"twitter:card\" content=\"summary_large_image\" \/>\n<meta name=\"twitter:label1\" content=\"Gesch\u00e4tzte Lesezeit\" \/>\n\t<meta name=\"twitter:data1\" content=\"1\u00a0Minute\" \/>\n<script type=\"application\/ld+json\" class=\"yoast-schema-graph\">{\"@context\":\"https:\\\/\\\/schema.org\",\"@graph\":[{\"@type\":\"WebPage\",\"@id\":\"https:\\\/\\\/erwinadelmann.com\\\/index.php\\\/presse\\\/\",\"url\":\"https:\\\/\\\/erwinadelmann.com\\\/index.php\\\/presse\\\/\",\"name\":\"Presse - Erwin Adelmann\",\"isPartOf\":{\"@id\":\"https:\\\/\\\/erwinadelmann.com\\\/#website\"},\"datePublished\":\"2025-02-17T14:00:31+00:00\",\"dateModified\":\"2025-02-17T14:10:57+00:00\",\"breadcrumb\":{\"@id\":\"https:\\\/\\\/erwinadelmann.com\\\/index.php\\\/presse\\\/#breadcrumb\"},\"inLanguage\":\"de\",\"potentialAction\":[{\"@type\":\"ReadAction\",\"target\":[\"https:\\\/\\\/erwinadelmann.com\\\/index.php\\\/presse\\\/\"]}]},{\"@type\":\"BreadcrumbList\",\"@id\":\"https:\\\/\\\/erwinadelmann.com\\\/index.php\\\/presse\\\/#breadcrumb\",\"itemListElement\":[{\"@type\":\"ListItem\",\"position\":1,\"name\":\"Startseite\",\"item\":\"https:\\\/\\\/erwinadelmann.com\\\/\"},{\"@type\":\"ListItem\",\"position\":2,\"name\":\"Presse\"}]},{\"@type\":\"WebSite\",\"@id\":\"https:\\\/\\\/erwinadelmann.com\\\/#website\",\"url\":\"https:\\\/\\\/erwinadelmann.com\\\/\",\"name\":\"Erwin Adelmann\",\"description\":\"Swing - Jazz - Belcanto\",\"potentialAction\":[{\"@type\":\"SearchAction\",\"target\":{\"@type\":\"EntryPoint\",\"urlTemplate\":\"https:\\\/\\\/erwinadelmann.com\\\/?s={search_term_string}\"},\"query-input\":{\"@type\":\"PropertyValueSpecification\",\"valueRequired\":true,\"valueName\":\"search_term_string\"}}],\"inLanguage\":\"de\"}]}<\/script>\n<!-- \/ Yoast SEO plugin. -->","yoast_head_json":{"title":"Presse - Erwin Adelmann","robots":{"index":"index","follow":"follow","max-snippet":"max-snippet:-1","max-image-preview":"max-image-preview:large","max-video-preview":"max-video-preview:-1"},"canonical":"https:\/\/erwinadelmann.com\/index.php\/presse\/","og_locale":"de_DE","og_type":"article","og_title":"Presse - Erwin Adelmann","og_description":"&#8222;The Voice&#8220; Erwin Adelmann schl\u00fcpft bewundernswert authentisch in die Rolle des unverwechselbares Stars (Dean Martin) [&hellip;]","og_url":"https:\/\/erwinadelmann.com\/index.php\/presse\/","og_site_name":"Erwin Adelmann","article_modified_time":"2025-02-17T14:10:57+00:00","twitter_card":"summary_large_image","twitter_misc":{"Gesch\u00e4tzte Lesezeit":"1\u00a0Minute"},"schema":{"@context":"https:\/\/schema.org","@graph":[{"@type":"WebPage","@id":"https:\/\/erwinadelmann.com\/index.php\/presse\/","url":"https:\/\/erwinadelmann.com\/index.php\/presse\/","name":"Presse - Erwin Adelmann","isPartOf":{"@id":"https:\/\/erwinadelmann.com\/#website"},"datePublished":"2025-02-17T14:00:31+00:00","dateModified":"2025-02-17T14:10:57+00:00","breadcrumb":{"@id":"https:\/\/erwinadelmann.com\/index.php\/presse\/#breadcrumb"},"inLanguage":"de","potentialAction":[{"@type":"ReadAction","target":["https:\/\/erwinadelmann.com\/index.php\/presse\/"]}]},{"@type":"BreadcrumbList","@id":"https:\/\/erwinadelmann.com\/index.php\/presse\/#breadcrumb","itemListElement":[{"@type":"ListItem","position":1,"name":"Startseite","item":"https:\/\/erwinadelmann.com\/"},{"@type":"ListItem","position":2,"name":"Presse"}]},{"@type":"WebSite","@id":"https:\/\/erwinadelmann.com\/#website","url":"https:\/\/erwinadelmann.com\/","name":"Erwin Adelmann","description":"Swing - Jazz - Belcanto","potentialAction":[{"@type":"SearchAction","target":{"@type":"EntryPoint","urlTemplate":"https:\/\/erwinadelmann.com\/?s={search_term_string}"},"query-input":{"@type":"PropertyValueSpecification","valueRequired":true,"valueName":"search_term_string"}}],"inLanguage":"de"}]}},"_links":{"self":[{"href":"https:\/\/erwinadelmann.com\/index.php\/wp-json\/wp\/v2\/pages\/750","targetHints":{"allow":["GET"]}}],"collection":[{"href":"https:\/\/erwinadelmann.com\/index.php\/wp-json\/wp\/v2\/pages"}],"about":[{"href":"https:\/\/erwinadelmann.com\/index.php\/wp-json\/wp\/v2\/types\/page"}],"author":[{"embeddable":true,"href":"https:\/\/erwinadelmann.com\/index.php\/wp-json\/wp\/v2\/users\/1"}],"replies":[{"embeddable":true,"href":"https:\/\/erwinadelmann.com\/index.php\/wp-json\/wp\/v2\/comments?post=750"}],"version-history":[{"count":7,"href":"https:\/\/erwinadelmann.com\/index.php\/wp-json\/wp\/v2\/pages\/750\/revisions"}],"predecessor-version":[{"id":762,"href":"https:\/\/erwinadelmann.com\/index.php\/wp-json\/wp\/v2\/pages\/750\/revisions\/762"}],"wp:attachment":[{"href":"https:\/\/erwinadelmann.com\/index.php\/wp-json\/wp\/v2\/media?parent=750"}],"curies":[{"name":"wp","href":"https:\/\/api.w.org\/{rel}","templated":true}]}}