{"id":763,"date":"2025-02-17T14:41:33","date_gmt":"2025-02-17T14:41:33","guid":{"rendered":"https:\/\/erwinadelmann.com\/?page_id=763"},"modified":"2025-02-17T15:27:22","modified_gmt":"2025-02-17T15:27:22","slug":"about_me","status":"publish","type":"page","link":"https:\/\/erwinadelmann.com\/index.php\/about_me\/","title":{"rendered":"\u00dcber mich"},"content":{"rendered":"\t\t<div data-elementor-type=\"wp-page\" data-elementor-id=\"763\" class=\"elementor elementor-763\">\n\t\t\t\t<div class=\"elementor-element elementor-element-2802e3a e-flex e-con-boxed e-con e-parent\" data-id=\"2802e3a\" data-element_type=\"container\" data-e-type=\"container\">\n\t\t\t\t\t<div class=\"e-con-inner\">\n\t\t\t\t<div class=\"elementor-element elementor-element-107160e elementor-widget elementor-widget-text-editor\" data-id=\"107160e\" data-element_type=\"widget\" data-e-type=\"widget\" data-widget_type=\"text-editor.default\">\n\t\t\t\t<div class=\"elementor-widget-container\">\n\t\t\t\t\t\t\t\t\t<div><p>Hallo, mein Name ist Erwin Adelmann, und ich lade dich ein, mit mir in die faszinierende Welt des Swing und Jazz einzutauchen. Als S\u00e4nger habe ich mich der Musik verschrieben, die Herzen ber\u00fchrt und die Magie vergangener Zeiten wieder aufleben l\u00e4sst.<\/p><\/div><div><p data-start=\"395\" data-end=\"775\">Meine musikalische Reise f\u00fchrte mich zu exzellenten Bigband-Formationen, mit denen ich regelm\u00e4\u00dfig auftrete. Gemeinsam bringen wir die unvergesslichen Kl\u00e4nge von Legenden wie Frank Sinatra, Dean Martin und Michael Bubl\u00e9 auf die B\u00fchne. Es ist mir eine Freude, diese zeitlosen Melodien mit Leidenschaft und Hingabe zu interpretieren und mein Publikum zu begeistern.<\/p><\/div><div><p data-start=\"777\" data-end=\"1052\">Musik ist f\u00fcr mich mehr als nur ein Beruf; sie ist eine Lebensart. Sie erm\u00f6glicht es mir, Geschichten zu erz\u00e4hlen und Menschen zu verbinden. Jeder Auftritt ist eine neue Gelegenheit, diese Begeisterung zu teilen und unvergessliche Momente zu schaffen.<\/p><\/div><div><p data-start=\"1054\" data-end=\"1242\">Ich freue mich darauf, dich bei einem meiner n\u00e4chsten Konzerte begr\u00fc\u00dfen zu d\u00fcrfen. Lass uns gemeinsam die Welt des Swing und Jazz erleben und die Freude an dieser wunderbaren Musik teilen!<\/p><\/div><div><p data-start=\"1244\" data-end=\"1301\">Bleib inspiriert und lass dich von den Kl\u00e4ngen mitrei\u00dfen!<\/p><\/div><div><p data-start=\"1303\" data-end=\"1468\">H\u00f6r dir gleich ein paar Songs an und folge mir auf Facebook und Insta, um keine Ver\u00f6ffentlichung zu verpassen.<\/p><\/div>\t\t\t\t\t\t\t\t<\/div>\n\t\t\t\t<\/div>\n\t\t\t\t\t<\/div>\n\t\t\t\t<\/div>\n\t\t<div class=\"elementor-element elementor-element-8d355a2 e-flex e-con-boxed e-con e-parent\" data-id=\"8d355a2\" data-element_type=\"container\" data-e-type=\"container\">\n\t\t\t\t\t<div class=\"e-con-inner\">\n\t\t<div class=\"elementor-element elementor-element-f96d05a e-con-full e-flex e-con e-child\" data-id=\"f96d05a\" data-element_type=\"container\" data-e-type=\"container\">\n\t\t\t\t<\/div>\n\t\t<div class=\"elementor-element elementor-element-8455e1d e-con-full e-flex e-con e-child\" data-id=\"8455e1d\" data-element_type=\"container\" data-e-type=\"container\">\n\t\t\t\t<\/div>\n\t\t\t\t<div class=\"elementor-element elementor-element-9294b82 elementor-widget elementor-widget-video\" data-id=\"9294b82\" data-element_type=\"widget\" data-e-type=\"widget\" data-settings=\"{&quot;youtube_url&quot;:&quot;https:\\\/\\\/youtu.be\\\/CD29ZYwoQxg?si=8ibUGYxbK5UWByJ_&quot;,&quot;video_type&quot;:&quot;youtube&quot;,&quot;controls&quot;:&quot;yes&quot;}\" data-widget_type=\"video.default\">\n\t\t\t\t<div class=\"elementor-widget-container\">\n\t\t\t\t\t\t\t<div class=\"elementor-wrapper elementor-open-inline\">\n\t\t\t<div class=\"elementor-video\"><\/div>\t\t<\/div>\n\t\t\t\t\t\t<\/div>\n\t\t\t\t<\/div>\n\t\t\t\t<div class=\"elementor-element elementor-element-215efd6 elementor-widget elementor-widget-video\" data-id=\"215efd6\" data-element_type=\"widget\" data-e-type=\"widget\" data-settings=\"{&quot;youtube_url&quot;:&quot;https:\\\/\\\/youtu.be\\\/1bfbTqj7AXk?si=UNq7kFC5vvJu7v7l&quot;,&quot;video_type&quot;:&quot;youtube&quot;}\" data-widget_type=\"video.default\">\n\t\t\t\t<div class=\"elementor-widget-container\">\n\t\t\t\t\t\t\t<div class=\"elementor-wrapper elementor-open-inline\">\n\t\t\t<div class=\"elementor-video\"><\/div>\t\t<\/div>\n\t\t\t\t\t\t<\/div>\n\t\t\t\t<\/div>\n\t\t\t\t\t<\/div>\n\t\t\t\t<\/div>\n\t\t<div class=\"elementor-element elementor-element-925e985 e-flex e-con-boxed e-con e-parent\" data-id=\"925e985\" data-element_type=\"container\" data-e-type=\"container\">\n\t\t\t\t\t<div class=\"e-con-inner\">\n\t\t<div class=\"elementor-element elementor-element-1518690 e-con-full e-flex e-con e-child\" data-id=\"1518690\" data-element_type=\"container\" data-e-type=\"container\">\n\t\t\t\t<\/div>\n\t\t<div class=\"elementor-element elementor-element-9e317a4 e-con-full e-flex e-con e-child\" data-id=\"9e317a4\" data-element_type=\"container\" data-e-type=\"container\">\n\t\t\t\t<\/div>\n\t\t\t\t<div class=\"elementor-element elementor-element-099dcc2 elementor-widget__width-initial elementor-shape-rounded elementor-grid-0 e-grid-align-center elementor-widget elementor-widget-social-icons\" data-id=\"099dcc2\" data-element_type=\"widget\" data-e-type=\"widget\" data-widget_type=\"social-icons.default\">\n\t\t\t\t<div class=\"elementor-widget-container\">\n\t\t\t\t\t\t\t<div class=\"elementor-social-icons-wrapper elementor-grid\" role=\"list\">\n\t\t\t\t\t\t\t<span class=\"elementor-grid-item\" role=\"listitem\">\n\t\t\t\t\t<a class=\"elementor-icon elementor-social-icon elementor-social-icon-facebook elementor-repeater-item-af50353\" href=\"https:\/\/www.facebook.com\/profile.php?id=100063571151525\" target=\"_blank\">\n\t\t\t\t\t\t<span class=\"elementor-screen-only\">Facebook<\/span>\n\t\t\t\t\t\t<svg aria-hidden=\"true\" class=\"e-font-icon-svg e-fab-facebook\" viewBox=\"0 0 512 512\" xmlns=\"http:\/\/www.w3.org\/2000\/svg\"><path d=\"M504 256C504 119 393 8 256 8S8 119 8 256c0 123.78 90.69 226.38 209.25 245V327.69h-63V256h63v-54.64c0-62.15 37-96.48 93.67-96.48 27.14 0 55.52 4.84 55.52 4.84v61h-31.28c-30.8 0-40.41 19.12-40.41 38.73V256h68.78l-11 71.69h-57.78V501C413.31 482.38 504 379.78 504 256z\"><\/path><\/svg>\t\t\t\t\t<\/a>\n\t\t\t\t<\/span>\n\t\t\t\t\t\t\t<span class=\"elementor-grid-item\" role=\"listitem\">\n\t\t\t\t\t<a class=\"elementor-icon elementor-social-icon elementor-social-icon-instagram elementor-repeater-item-0340d16\" href=\"https:\/\/www.instagram.com\/erwinadelmann\/\" target=\"_blank\">\n\t\t\t\t\t\t<span class=\"elementor-screen-only\">Instagram<\/span>\n\t\t\t\t\t\t<svg aria-hidden=\"true\" class=\"e-font-icon-svg e-fab-instagram\" viewBox=\"0 0 448 512\" xmlns=\"http:\/\/www.w3.org\/2000\/svg\"><path d=\"M224.1 141c-63.6 0-114.9 51.3-114.9 114.9s51.3 114.9 114.9 114.9S339 319.5 339 255.9 287.7 141 224.1 141zm0 189.6c-41.1 0-74.7-33.5-74.7-74.7s33.5-74.7 74.7-74.7 74.7 33.5 74.7 74.7-33.6 74.7-74.7 74.7zm146.4-194.3c0 14.9-12 26.8-26.8 26.8-14.9 0-26.8-12-26.8-26.8s12-26.8 26.8-26.8 26.8 12 26.8 26.8zm76.1 27.2c-1.7-35.9-9.9-67.7-36.2-93.9-26.2-26.2-58-34.4-93.9-36.2-37-2.1-147.9-2.1-184.9 0-35.8 1.7-67.6 9.9-93.9 36.1s-34.4 58-36.2 93.9c-2.1 37-2.1 147.9 0 184.9 1.7 35.9 9.9 67.7 36.2 93.9s58 34.4 93.9 36.2c37 2.1 147.9 2.1 184.9 0 35.9-1.7 67.7-9.9 93.9-36.2 26.2-26.2 34.4-58 36.2-93.9 2.1-37 2.1-147.8 0-184.8zM398.8 388c-7.8 19.6-22.9 34.7-42.6 42.6-29.5 11.7-99.5 9-132.1 9s-102.7 2.6-132.1-9c-19.6-7.8-34.7-22.9-42.6-42.6-11.7-29.5-9-99.5-9-132.1s-2.6-102.7 9-132.1c7.8-19.6 22.9-34.7 42.6-42.6 29.5-11.7 99.5-9 132.1-9s102.7-2.6 132.1 9c19.6 7.8 34.7 22.9 42.6 42.6 11.7 29.5 9 99.5 9 132.1s2.7 102.7-9 132.1z\"><\/path><\/svg>\t\t\t\t\t<\/a>\n\t\t\t\t<\/span>\n\t\t\t\t\t\t\t<span class=\"elementor-grid-item\" role=\"listitem\">\n\t\t\t\t\t<a class=\"elementor-icon elementor-social-icon elementor-social-icon-youtube elementor-repeater-item-fb440e5\" href=\"https:\/\/www.youtube.com\/channel\/UCsWHtyMqcEQBMZgmLY8_VqA\" target=\"_blank\">\n\t\t\t\t\t\t<span class=\"elementor-screen-only\">Youtube<\/span>\n\t\t\t\t\t\t<svg aria-hidden=\"true\" class=\"e-font-icon-svg e-fab-youtube\" viewBox=\"0 0 576 512\" xmlns=\"http:\/\/www.w3.org\/2000\/svg\"><path d=\"M549.655 124.083c-6.281-23.65-24.787-42.276-48.284-48.597C458.781 64 288 64 288 64S117.22 64 74.629 75.486c-23.497 6.322-42.003 24.947-48.284 48.597-11.412 42.867-11.412 132.305-11.412 132.305s0 89.438 11.412 132.305c6.281 23.65 24.787 41.5 48.284 47.821C117.22 448 288 448 288 448s170.78 0 213.371-11.486c23.497-6.321 42.003-24.171 48.284-47.821 11.412-42.867 11.412-132.305 11.412-132.305s0-89.438-11.412-132.305zm-317.51 213.508V175.185l142.739 81.205-142.739 81.201z\"><\/path><\/svg>\t\t\t\t\t<\/a>\n\t\t\t\t<\/span>\n\t\t\t\t\t<\/div>\n\t\t\t\t\t\t<\/div>\n\t\t\t\t<\/div>\n\t\t\t\t\t<\/div>\n\t\t\t\t<\/div>\n\t\t\t\t<\/div>\n\t\t","protected":false},"excerpt":{"rendered":"<p>Hallo, mein Name ist Erwin Adelmann, und ich lade dich ein, mit mir in die [&hellip;]<\/p>\n","protected":false},"author":1,"featured_media":783,"parent":0,"menu_order":0,"comment_status":"closed","ping_status":"closed","template":"page-no-title","meta":{"footnotes":""},"class_list":["post-763","page","type-page","status-publish","has-post-thumbnail","hentry"],"aioseo_notices":[],"yoast_head":"<!-- This site is optimized with the Yoast SEO plugin v27.4 - https:\/\/yoast.com\/product\/yoast-seo-wordpress\/ -->\n<title>\u00dcber mich - Erwin Adelmann<\/title>\n<meta name=\"robots\" content=\"index, follow, max-snippet:-1, max-image-preview:large, max-video-preview:-1\" \/>\n<link rel=\"canonical\" href=\"https:\/\/erwinadelmann.com\/index.php\/about_me\/\" \/>\n<meta property=\"og:locale\" content=\"de_DE\" \/>\n<meta property=\"og:type\" content=\"article\" \/>\n<meta property=\"og:title\" content=\"\u00dcber mich - Erwin Adelmann\" \/>\n<meta property=\"og:description\" content=\"Hallo, mein Name ist Erwin Adelmann, und ich lade dich ein, mit mir in die [&hellip;]\" \/>\n<meta property=\"og:url\" content=\"https:\/\/erwinadelmann.com\/index.php\/about_me\/\" \/>\n<meta property=\"og:site_name\" content=\"Erwin Adelmann\" \/>\n<meta property=\"article:modified_time\" content=\"2025-02-17T15:27:22+00:00\" \/>\n<meta property=\"og:image\" content=\"https:\/\/erwinadelmann.com\/wp-content\/uploads\/2025\/02\/erwin.png\" \/>\n\t<meta property=\"og:image:width\" content=\"320\" \/>\n\t<meta property=\"og:image:height\" content=\"320\" \/>\n\t<meta property=\"og:image:type\" content=\"image\/png\" \/>\n<meta name=\"twitter:card\" content=\"summary_large_image\" \/>\n<meta name=\"twitter:label1\" content=\"Gesch\u00e4tzte Lesezeit\" \/>\n\t<meta name=\"twitter:data1\" content=\"1\u00a0Minute\" \/>\n<script type=\"application\/ld+json\" class=\"yoast-schema-graph\">{\"@context\":\"https:\\\/\\\/schema.org\",\"@graph\":[{\"@type\":\"WebPage\",\"@id\":\"https:\\\/\\\/erwinadelmann.com\\\/index.php\\\/about_me\\\/\",\"url\":\"https:\\\/\\\/erwinadelmann.com\\\/index.php\\\/about_me\\\/\",\"name\":\"\u00dcber mich - Erwin Adelmann\",\"isPartOf\":{\"@id\":\"https:\\\/\\\/erwinadelmann.com\\\/#website\"},\"primaryImageOfPage\":{\"@id\":\"https:\\\/\\\/erwinadelmann.com\\\/index.php\\\/about_me\\\/#primaryimage\"},\"image\":{\"@id\":\"https:\\\/\\\/erwinadelmann.com\\\/index.php\\\/about_me\\\/#primaryimage\"},\"thumbnailUrl\":\"https:\\\/\\\/erwinadelmann.com\\\/wp-content\\\/uploads\\\/2025\\\/02\\\/erwin.png\",\"datePublished\":\"2025-02-17T14:41:33+00:00\",\"dateModified\":\"2025-02-17T15:27:22+00:00\",\"breadcrumb\":{\"@id\":\"https:\\\/\\\/erwinadelmann.com\\\/index.php\\\/about_me\\\/#breadcrumb\"},\"inLanguage\":\"de\",\"potentialAction\":[{\"@type\":\"ReadAction\",\"target\":[\"https:\\\/\\\/erwinadelmann.com\\\/index.php\\\/about_me\\\/\"]}]},{\"@type\":\"ImageObject\",\"inLanguage\":\"de\",\"@id\":\"https:\\\/\\\/erwinadelmann.com\\\/index.php\\\/about_me\\\/#primaryimage\",\"url\":\"https:\\\/\\\/erwinadelmann.com\\\/wp-content\\\/uploads\\\/2025\\\/02\\\/erwin.png\",\"contentUrl\":\"https:\\\/\\\/erwinadelmann.com\\\/wp-content\\\/uploads\\\/2025\\\/02\\\/erwin.png\",\"width\":320,\"height\":320},{\"@type\":\"BreadcrumbList\",\"@id\":\"https:\\\/\\\/erwinadelmann.com\\\/index.php\\\/about_me\\\/#breadcrumb\",\"itemListElement\":[{\"@type\":\"ListItem\",\"position\":1,\"name\":\"Startseite\",\"item\":\"https:\\\/\\\/erwinadelmann.com\\\/\"},{\"@type\":\"ListItem\",\"position\":2,\"name\":\"\u00dcber mich\"}]},{\"@type\":\"WebSite\",\"@id\":\"https:\\\/\\\/erwinadelmann.com\\\/#website\",\"url\":\"https:\\\/\\\/erwinadelmann.com\\\/\",\"name\":\"Erwin Adelmann\",\"description\":\"Swing - Jazz - Belcanto\",\"potentialAction\":[{\"@type\":\"SearchAction\",\"target\":{\"@type\":\"EntryPoint\",\"urlTemplate\":\"https:\\\/\\\/erwinadelmann.com\\\/?s={search_term_string}\"},\"query-input\":{\"@type\":\"PropertyValueSpecification\",\"valueRequired\":true,\"valueName\":\"search_term_string\"}}],\"inLanguage\":\"de\"}]}<\/script>\n<!-- \/ Yoast SEO plugin. -->","yoast_head_json":{"title":"\u00dcber mich - Erwin Adelmann","robots":{"index":"index","follow":"follow","max-snippet":"max-snippet:-1","max-image-preview":"max-image-preview:large","max-video-preview":"max-video-preview:-1"},"canonical":"https:\/\/erwinadelmann.com\/index.php\/about_me\/","og_locale":"de_DE","og_type":"article","og_title":"\u00dcber mich - Erwin Adelmann","og_description":"Hallo, mein Name ist Erwin Adelmann, und ich lade dich ein, mit mir in die [&hellip;]","og_url":"https:\/\/erwinadelmann.com\/index.php\/about_me\/","og_site_name":"Erwin Adelmann","article_modified_time":"2025-02-17T15:27:22+00:00","og_image":[{"width":320,"height":320,"url":"https:\/\/erwinadelmann.com\/wp-content\/uploads\/2025\/02\/erwin.png","type":"image\/png"}],"twitter_card":"summary_large_image","twitter_misc":{"Gesch\u00e4tzte Lesezeit":"1\u00a0Minute"},"schema":{"@context":"https:\/\/schema.org","@graph":[{"@type":"WebPage","@id":"https:\/\/erwinadelmann.com\/index.php\/about_me\/","url":"https:\/\/erwinadelmann.com\/index.php\/about_me\/","name":"\u00dcber mich - Erwin Adelmann","isPartOf":{"@id":"https:\/\/erwinadelmann.com\/#website"},"primaryImageOfPage":{"@id":"https:\/\/erwinadelmann.com\/index.php\/about_me\/#primaryimage"},"image":{"@id":"https:\/\/erwinadelmann.com\/index.php\/about_me\/#primaryimage"},"thumbnailUrl":"https:\/\/erwinadelmann.com\/wp-content\/uploads\/2025\/02\/erwin.png","datePublished":"2025-02-17T14:41:33+00:00","dateModified":"2025-02-17T15:27:22+00:00","breadcrumb":{"@id":"https:\/\/erwinadelmann.com\/index.php\/about_me\/#breadcrumb"},"inLanguage":"de","potentialAction":[{"@type":"ReadAction","target":["https:\/\/erwinadelmann.com\/index.php\/about_me\/"]}]},{"@type":"ImageObject","inLanguage":"de","@id":"https:\/\/erwinadelmann.com\/index.php\/about_me\/#primaryimage","url":"https:\/\/erwinadelmann.com\/wp-content\/uploads\/2025\/02\/erwin.png","contentUrl":"https:\/\/erwinadelmann.com\/wp-content\/uploads\/2025\/02\/erwin.png","width":320,"height":320},{"@type":"BreadcrumbList","@id":"https:\/\/erwinadelmann.com\/index.php\/about_me\/#breadcrumb","itemListElement":[{"@type":"ListItem","position":1,"name":"Startseite","item":"https:\/\/erwinadelmann.com\/"},{"@type":"ListItem","position":2,"name":"\u00dcber mich"}]},{"@type":"WebSite","@id":"https:\/\/erwinadelmann.com\/#website","url":"https:\/\/erwinadelmann.com\/","name":"Erwin Adelmann","description":"Swing - Jazz - Belcanto","potentialAction":[{"@type":"SearchAction","target":{"@type":"EntryPoint","urlTemplate":"https:\/\/erwinadelmann.com\/?s={search_term_string}"},"query-input":{"@type":"PropertyValueSpecification","valueRequired":true,"valueName":"search_term_string"}}],"inLanguage":"de"}]}},"_links":{"self":[{"href":"https:\/\/erwinadelmann.com\/index.php\/wp-json\/wp\/v2\/pages\/763","targetHints":{"allow":["GET"]}}],"collection":[{"href":"https:\/\/erwinadelmann.com\/index.php\/wp-json\/wp\/v2\/pages"}],"about":[{"href":"https:\/\/erwinadelmann.com\/index.php\/wp-json\/wp\/v2\/types\/page"}],"author":[{"embeddable":true,"href":"https:\/\/erwinadelmann.com\/index.php\/wp-json\/wp\/v2\/users\/1"}],"replies":[{"embeddable":true,"href":"https:\/\/erwinadelmann.com\/index.php\/wp-json\/wp\/v2\/comments?post=763"}],"version-history":[{"count":21,"href":"https:\/\/erwinadelmann.com\/index.php\/wp-json\/wp\/v2\/pages\/763\/revisions"}],"predecessor-version":[{"id":795,"href":"https:\/\/erwinadelmann.com\/index.php\/wp-json\/wp\/v2\/pages\/763\/revisions\/795"}],"wp:featuredmedia":[{"embeddable":true,"href":"https:\/\/erwinadelmann.com\/index.php\/wp-json\/wp\/v2\/media\/783"}],"wp:attachment":[{"href":"https:\/\/erwinadelmann.com\/index.php\/wp-json\/wp\/v2\/media?parent=763"}],"curies":[{"name":"wp","href":"https:\/\/api.w.org\/{rel}","templated":true}]}}